{"id":391,"date":"2016-11-30T09:16:18","date_gmt":"2016-11-30T09:16:18","guid":{"rendered":"http:\/\/www.willeitimmojus.it\/it\/?page_id=391"},"modified":"2016-11-30T16:16:41","modified_gmt":"2016-11-30T16:16:41","slug":"chi-sono","status":"publish","type":"page","link":"https:\/\/www.willeitimmojus.it\/it\/chi-sono\/","title":{"rendered":"Chi sono"},"content":{"rendered":"\n\n<div id=\"wk-grid81f\" class=\"uk-grid-width-1-1 uk-grid uk-grid-match uk-text-left \" data-uk-grid-match=\"{target:'> div > .uk-panel', row:true}\" data-uk-grid-margin data-uk-grid-parallax >\n\n\n    <div>\n        <div class=\"uk-panel\">\n\n            \n            \n            \n                        <div class=\"uk-grid \" data-uk-grid-margin>\n                <div class=\"uk-width-medium-2-5 uk-float-right uk-flex-order-last-medium\">\n                    <img loading=\"lazy\" decoding=\"async\" src=\"\/wp-content\/uploads\/about_me.jpg\" class=\" uk-overlay-scale\" width=\"510\" height=\"340\">                <\/div>\n                <div class=\"uk-width-medium-3-5\">\n                    <div class=\"uk-panel\">\n            \n            \n            \n            \n                        <div class=\"uk-margin\"><p>Mi chiamo dr. jur. Hannes Willeit e mi sono laureato nel luglio 2002 presso la facolt\u00e0 di giurisprudenza dell&#8217;Universit\u00e0 degli Studi &#8220;Leopold Franzens Universit\u00e4t&#8221; di Innsbruck. Ho proseguito la mia formazione, tra l&#8217;altro, presso la Corte d&#8217;Appello di Vienna e lo studio legale &#8220;Greiter, Pegger, Kofler &#038; Partner&#8221; di Innsbruck, uno degli studi legali e tributari pi\u00f9 rinomati di tutta l&#8217;Austria, dove mi sono specializzato nel diritto contrattuale.<br \/>\nUna volta tornato in Alto Adige ho collaborato con l&#8217;Unione albergatori e pubblici esercenti di Bolzano, in quanto responsabile della contrattualistica.<br \/>\nA marzo 2007 ho completato la formazione specifica di agente e consulente immobiliare, ottenendo l&#8217;abilitazione statale pertinente.<\/p>\n<p>Dalla primavera 2011 svolgo l&#8217;attivit\u00e0 di mediatore qualificato e in esercizio in ambito di diritto immobiliare.<br \/>\nQuesto lavoro mi d\u00e0 grandi soddisfazioni poich\u00e9 grazie alla mia esperienza riesco a unire gli aspetti legali immobiliari ed economici a vantaggio dei clienti, contribuendo cos\u00ec alla tutela della certezza del diritto nell&#8217;ambito dei rapporti tra i singoli contraenti.<\/p>\n<p>Willeitimmojus fornisce nell\u2019ambito dell\u2019intermediazione immobiliare, della consulenza giuridica e fiscale nel campo immobiliare.<\/p>\n<p>Willeitimmojus \u00e8 un&#8217;impresa individuale che si appoggia a una preziosa rete di collaboratori, tra cui rinomati avvocati, consulenti fiscali, notai, architetti, artigiani e fornitori di servizi.<\/p>\n<p>L&#8217;assistenza ai clienti \u00e8 per me prioritaria e non finisce certo con l&#8217;appuntamento dal notaio. Sono infatti sempre a loro disposizione per qualsiasi questione che dovesse sorgere successivamente. <\/p>\n<\/div>\n            \n            \n            \n                                <\/div>\n                <\/div>\n            <\/div>\n            \n        <\/div>\n    <\/div>\n\n\n<\/div>\n\n<script>\n(function($){\n\n    \/\/ get the images of the gallery and replace it by a canvas of the same size to fix the problem with overlapping images on load.\n    $('img[width][height]:not(.uk-overlay-panel)', $('#wk-grid81f')).each(function() {\n\n        var $img = $(this);\n\n        if (this.width == 'auto' || this.height == 'auto' || !$img.is(':visible')) {\n            return;\n        }\n\n        var $canvas = $('<canvas class=\"uk-responsive-width\"><\/canvas>').attr({width:$img.attr('width'), height:$img.attr('height')}),\n            img = new Image,\n            release = function() {\n                $canvas.remove();\n                $img.css('display', '');\n                release = function(){};\n            };\n\n        $img.css('display', 'none').after($canvas);\n\n        $(img).on('load', function(){ release(); });\n        setTimeout(function(){ release(); }, 1000);\n\n        img.src = this.src;\n\n    });\n\n})(jQuery);\n<\/script>\n\n","protected":false},"excerpt":{"rendered":"","protected":false},"author":1,"featured_media":0,"parent":0,"menu_order":0,"comment_status":"closed","ping_status":"closed","template":"","meta":{"footnotes":""},"acf":[],"aioseo_notices":[],"_links":{"self":[{"href":"https:\/\/www.willeitimmojus.it\/it\/wp-json\/wp\/v2\/pages\/391"}],"collection":[{"href":"https:\/\/www.willeitimmojus.it\/it\/wp-json\/wp\/v2\/pages"}],"about":[{"href":"https:\/\/www.willeitimmojus.it\/it\/wp-json\/wp\/v2\/types\/page"}],"author":[{"embeddable":true,"href":"https:\/\/www.willeitimmojus.it\/it\/wp-json\/wp\/v2\/users\/1"}],"replies":[{"embeddable":true,"href":"https:\/\/www.willeitimmojus.it\/it\/wp-json\/wp\/v2\/comments?post=391"}],"version-history":[{"count":2,"href":"https:\/\/www.willeitimmojus.it\/it\/wp-json\/wp\/v2\/pages\/391\/revisions"}],"predecessor-version":[{"id":435,"href":"https:\/\/www.willeitimmojus.it\/it\/wp-json\/wp\/v2\/pages\/391\/revisions\/435"}],"wp:attachment":[{"href":"https:\/\/www.willeitimmojus.it\/it\/wp-json\/wp\/v2\/media?parent=391"}],"curies":[{"name":"wp","href":"https:\/\/api.w.org\/{rel}","templated":true}]}}