{"id":336,"date":"2016-11-07T11:09:38","date_gmt":"2016-11-07T11:09:38","guid":{"rendered":"http:\/\/www.willeitimmojus.it\/it\/?page_id=336"},"modified":"2016-11-30T16:05:02","modified_gmt":"2016-11-30T16:05:02","slug":"erdita-testamenti","status":"publish","type":"page","link":"https:\/\/www.willeitimmojus.it\/it\/erdita-testamenti\/","title":{"rendered":"Eredit\u00e0 e testamenti"},"content":{"rendered":"<p>Un testamento redatto formalmente e nel rispetto delle leggi vigenti esprime l'&#8221;ultima volont\u00e0&#8221; del de cuius e pu\u00f2 risparmiare ai successori liti per l&#8217;eredit\u00e0 e spese elevate (avvocato, imposte, ecc.).<\/p>\n<h4>Le varie tipologie di testamento (art. 601 e segg. c.c.):<\/h4>\n<h5 id=\"page-title\" class=\"title\">Il testamento olografo (art. 602 c.c.)<\/h5>\n<div id=\"content-content\" class=\"clear-block\">\n<div id=\"node-15\" class=\"node clear-block\">\n<p><strong>Tale testamento presenta tre requisiti formali di grande importanza:<\/strong><\/p>\n<ol>\n<li>Deve essere sottoscritto di proprio pugno (ossia, senza l&#8217;ausilio di mezzi meccanici, come macchine da scrivere o PC, e di altre persone).<\/li>\n<li>Chi lo redige deve scrivere di proprio pugno anche la data, indicando giorno, mese e anno. Come data si ammettono anche altre indicazioni equivalenti (ad es. Natale 2007).<\/li>\n<li>La firma va riportata per esteso (nome e cognome) in fondo al testamento.<\/li>\n<\/ol>\n<p>Vantaggi del testamento olografo: atto semplice, nessuna spesa, possibilit\u00e0 di conservarlo a casa o di consegnarlo a qualcuno affinch\u00e9 lo custodisca (ad es. parroco, ecc.).<\/p>\n<p class=\"meta\">Svantaggi del testamento olografo: pu\u00f2 andare perso, pu\u00f2 essere falsificato, sottratto e distrutto.<\/p>\n<p class=\"meta\">\n<div class=\"content\">\n<h5 id=\"page-title\" class=\"title\">Il testamento pubblico (art. 603 C.C.)<\/h5>\n<div id=\"content-content\" class=\"clear-block\">\n<div id=\"node-16\" class=\"node clear-block\">\n<div class=\"content\">\n<p>Il testamento pubblico viene registrato da un notaio in presenza di due testimoni (dato importante soprattutto per coloro che non sanno leggere n\u00e9 scrivere o che sono affetti da menomazioni fisiche).<\/p>\n<p>Le disposizioni di un testamento pubblico si possono invalidare solamente tramite querela di falso.<\/p>\n<p>Il testamento viene conservato presso il notaio e trascritto nel registro notarile, ma aperto solo dopo il decesso del <em>de cuius<\/em>.<\/p>\n<p>Svantaggi del testamento pubblico: un determinato rigore formale ed elevate spese derivate.<\/p>\n<p>&nbsp;<\/p>\n<\/div>\n<h5 id=\"page-title\" class=\"title\">Il testamento segreto (art. 604 C.C.)<\/h5>\n<div id=\"content-content\" class=\"clear-block\">\n<div id=\"node-17\" class=\"node clear-block\">\n<div class=\"meta\">\n<p>Il testamento segreto viene scritto di proprio pugno dal testatore o con l&#8217;ausilio di mezzi meccanici (macchina da scrivere o PC), dopodich\u00e9 viene depositato presso il notaio in un&#8217;apposita busta sigillata.<\/p>\n<\/div>\n<\/div>\n<\/div>\n<\/div>\n<\/div>\n<\/div>\n<\/div>\n<\/div>\n","protected":false},"excerpt":{"rendered":"<p>Un testamento redatto formalmente e nel rispetto delle leggi vigenti esprime l&#8217;&#8221;ultima volont\u00e0&#8221; del de cuius e pu\u00f2 risparmiare ai successori liti per l&#8217;eredit\u00e0 e spese elevate (avvocato, imposte, ecc.). Le varie tipologie di testamento (art. 601 e segg. c.c.): Il testamento olografo (art. 602 c.c.) Tale testamento presenta tre requisiti formali di grande importanza: [&hellip;]<\/p>\n","protected":false},"author":1,"featured_media":0,"parent":0,"menu_order":0,"comment_status":"closed","ping_status":"closed","template":"","meta":{"footnotes":""},"acf":[],"aioseo_notices":[],"_links":{"self":[{"href":"https:\/\/www.willeitimmojus.it\/it\/wp-json\/wp\/v2\/pages\/336"}],"collection":[{"href":"https:\/\/www.willeitimmojus.it\/it\/wp-json\/wp\/v2\/pages"}],"about":[{"href":"https:\/\/www.willeitimmojus.it\/it\/wp-json\/wp\/v2\/types\/page"}],"author":[{"embeddable":true,"href":"https:\/\/www.willeitimmojus.it\/it\/wp-json\/wp\/v2\/users\/1"}],"replies":[{"embeddable":true,"href":"https:\/\/www.willeitimmojus.it\/it\/wp-json\/wp\/v2\/comments?post=336"}],"version-history":[{"count":3,"href":"https:\/\/www.willeitimmojus.it\/it\/wp-json\/wp\/v2\/pages\/336\/revisions"}],"predecessor-version":[{"id":402,"href":"https:\/\/www.willeitimmojus.it\/it\/wp-json\/wp\/v2\/pages\/336\/revisions\/402"}],"wp:attachment":[{"href":"https:\/\/www.willeitimmojus.it\/it\/wp-json\/wp\/v2\/media?parent=336"}],"curies":[{"name":"wp","href":"https:\/\/api.w.org\/{rel}","templated":true}]}}