{"id":334,"date":"2016-11-07T11:05:34","date_gmt":"2016-11-07T11:05:34","guid":{"rendered":"http:\/\/www.willeitimmojus.it\/it\/?page_id=334"},"modified":"2016-11-30T09:26:49","modified_gmt":"2016-11-30T09:26:49","slug":"contratti","status":"publish","type":"page","link":"https:\/\/www.willeitimmojus.it\/it\/contratti\/","title":{"rendered":"Contratti"},"content":{"rendered":"<h4>Ci occupiamo della stesura dei seguenti contratti:<\/h4>\n<p><strong>&#8211; Compravendita, divisione, permuta e concessione di servit\u00f9 su immobili<\/strong><\/p>\n<p>In virt\u00f9 della sentenza pronunciata il 26\/05\/2004 dalla Corte di Appello di Trento, nella sede distaccata di Bolzano, nelle provincie dotate di sistema tavolare (ad es. Alto Adige, Trentino, Cortina e parti del Friuli-Venezia-Giulia) \u00e8 nuovamente possibile far autenticare le scritture private (ad es. contratti di compravendita, divisione, permuta e concessione di servit\u00f9 su immobili, contratti di locazione e di prestiti ipotecari) da un <strong>notaio austriaco<\/strong>. Per l&#8217;autentica della firma di un contratto di compravendita un notaio austriaco chiede all&#8217;incirca 30-170 \u20ac a firma (a seconda del valore della propriet\u00e0).<\/p>\n<p>In questo modo, i contraenti possono risparmiare una parte delle spese di un notaio italiano (si veda, ad es., il calcolo delle spese notarili del <a href=\"http:\/\/www.notaicomolecco.it\/jumpCh.asp?idChannel=98&amp;idUser=0&amp;idLang=IT&amp;tariffa=1\">Collegio notarile di Como e Lecco<\/a>). Ai fini di un raffronto si pu\u00f2 dare uno sguardo veloce anche alle tariffe pubblicate dal <a href=\"http:\/\/www.notai.bz.it\/deutsch\/index.php\">Consiglio notarile di Bolzano<\/a>.<\/p>\n<p><strong>Redigiamo a dei prezzi convenienti scritture private (contratto definitivo) che poi vengono autenticate da un notaio austriaco. \u00c8 importante sottolineare che i contenuti del contratto vengono previamente controllati con estrema precisione. In questo modo, il notaio austriaco autentica solamente la firma senza dover eseguire alcuna verifica a livello contenutistico delle scritture private.<\/strong><\/p>\n<p><strong>&#8211; Contratti di affitto, locazione e comodato<\/strong><\/p>\n<ul>\n<li>Contratti di affitto di appartamenti<\/li>\n<li>Contratti di affitto commerciali<\/li>\n<li>Contratti di affitto di attivit\u00e0<\/li>\n<li>Contratti di affitto agrari<\/li>\n<li>Contratti di comodato<\/li>\n<\/ul>\n<p>Disporre di un contratto preparato da professionisti ad hoc per una determinata situazione tenendo conto delle preferenze e delle possibilit\u00e0 del caso pu\u00f2 far risparmiare ai contraenti inutili conflitti e le conseguenti spese legali.<\/p>\n<p>In virt\u00f9 della sentenza pronunciata il 26\/05\/2004 dalla Corte di Appello di Trento, nella sede distaccata di Bolzano, nelle provincie dotate di sistema tavolare (ad es. Alto Adige, Trentino, Belluno e parti del Friuli-Venezia-Giulia) \u00e8 nuovamente possibile far autenticare le scritture private (ad es. contratti di compravendita, divisione, permuta e concessione di servit\u00f9 su immobili, <strong>contratti di locazione<\/strong> e di prestiti ipotecari) da un notaio austriaco. Per l&#8217;autentica della firma di un contratto di compravendita un notaio austriaco chiede all&#8217;incirca 30-170 \u20ac a firma (a seconda del valore della propriet\u00e0).<\/p>\n<p>In questo modo, i contraenti possono risparmiare una parte delle spese di un notaio italiano (si veda, ad es., il calcolo delle spese notarili del <a href=\"http:\/\/www.notaicomolecco.it\/jumpCh.asp?idChannel=98&amp;idUser=0&amp;idLang=IT&amp;tariffa=1\">Collegio notarile di Como e Lecco<\/a>). Ai fini di un raffronto si pu\u00f2 dare uno sguardo veloce anche alle tariffe pubblicate dal <a href=\"http:\/\/www.notai.bz.it\/deutsch\/index.php\">Consiglio notarile di Bolzano<\/a>.<\/p>\n<p>\u00c8 importante sottolineare che i contenuti del contratto di locazione vengono previamente controllati con estrema precisione. In questo modo, il notaio austriaco autentica solamente la firma senza dover eseguire alcuna verifica a livello contenutistico delle scritture private.<\/p>\n<p><strong>&#8211; Contratti societari<\/strong><\/p>\n<p>Redigiamo contratti societari su misura delle vostre esigenze specifiche oppure modifichiamo gli statuti societari gi\u00e0 in essere in modo tale da adeguarli a nuove circostanze (ad es. cessione di partecipazioni, variazione della partecipazione agli utili, recesso\/ammissione di un socio, redazione di delibere, ecc.), accompagnandovi fino alla firma notarile.<\/p>\n<p>Dopodich\u00e9, se due o pi\u00f9 persone desiderano partecipare direttamente a una societ\u00e0, occorre costituirla. Si tratta di una sorta di <strong>&#8220;contratto matrimoniale in ambito commerciale&#8221;<\/strong>.<\/p>\n<p>Qualora si intenda invece cedere un&#8217;attivit\u00e0 (successione d&#8217;impresa), le societ\u00e0 offrono un ottimo punto di partenza e presentano il vantaggio di poter adeguare l&#8217;azienda alla nuova situazione familiare.<\/p>\n<p>Una volta considerata e valutata la vostra situazione specifica, occorrer\u00e0 ponderare i pro e i contro delle singole forme societarie per trovare la soluzione pi\u00f9 adeguata.<\/p>\n<p><strong>\u00c8 possibile costituire una societ\u00e0:<\/strong><\/p>\n<ul>\n<li>quando si inizia una nuova attivit\u00e0 oppure<\/li>\n<li>quando si trasforma una ditta individuale (azienda familiare).<\/li>\n<\/ul>\n<p>Per poter costituire una societ\u00e0 \u00e8 necessario che tutti i soggetti coinvolti stipulino un <strong>atto costitutivo<\/strong>.<br \/>\nIn fase di redazione di tale atto costitutivo occorre stabilire quanto segue:<\/p>\n<ul>\n<li>Denominazione e sede della societ\u00e0<\/li>\n<li>Tipo di societ\u00e0:\n<ul>\n<li>Societ\u00e0 per azioni (Spa)<\/li>\n<li>Societ\u00e0 a responsabilit\u00e0 limitata (Srl)<\/li>\n<li>Societ\u00e0 in nome collettivo (Snc)<\/li>\n<li>Societ\u00e0 in accomandita semplice (Sas)<\/li>\n<\/ul>\n<\/li>\n<\/ul>\n<p>La scelta di una forma societaria piuttosto che un&#8217;altra dipende fondamentalmente dall&#8217;<strong>investimento<\/strong> (denaro, immobili, azienda, altri beni, diritti, personale), dalla <strong>responsabilit\u00e0 <\/strong>e dalla <strong>gestione<\/strong> dei singoli soci<\/p>\n<ul>\n<li>Scopo sociale<\/li>\n<li>Partecipazione al capitale<\/li>\n<li>Partecipazione ai guadagni e alle perdite<\/li>\n<li>Poteri di rappresentanza<\/li>\n<li>Norme che disciplinano il rapporto tra i soci:\n<ul>\n<li>Criteri di votazione<\/li>\n<li>Decesso\/esclusione\/recesso di un socio, ecc.<\/li>\n<\/ul>\n<\/li>\n<li>Durata della societ\u00e0.<\/li>\n<\/ul>\n<p>&nbsp;<\/p>\n","protected":false},"excerpt":{"rendered":"<p>Ci occupiamo della stesura dei seguenti contratti: &#8211; Compravendita, divisione, permuta e concessione di servit\u00f9 su immobili In virt\u00f9 della sentenza pronunciata il 26\/05\/2004 dalla Corte di Appello di Trento, nella sede distaccata di Bolzano, nelle provincie dotate di sistema tavolare (ad es. Alto Adige, Trentino, Cortina e parti del Friuli-Venezia-Giulia) \u00e8 nuovamente possibile far [&hellip;]<\/p>\n","protected":false},"author":1,"featured_media":0,"parent":0,"menu_order":0,"comment_status":"closed","ping_status":"closed","template":"","meta":{"footnotes":""},"acf":[],"aioseo_notices":[],"_links":{"self":[{"href":"https:\/\/www.willeitimmojus.it\/it\/wp-json\/wp\/v2\/pages\/334"}],"collection":[{"href":"https:\/\/www.willeitimmojus.it\/it\/wp-json\/wp\/v2\/pages"}],"about":[{"href":"https:\/\/www.willeitimmojus.it\/it\/wp-json\/wp\/v2\/types\/page"}],"author":[{"embeddable":true,"href":"https:\/\/www.willeitimmojus.it\/it\/wp-json\/wp\/v2\/users\/1"}],"replies":[{"embeddable":true,"href":"https:\/\/www.willeitimmojus.it\/it\/wp-json\/wp\/v2\/comments?post=334"}],"version-history":[{"count":5,"href":"https:\/\/www.willeitimmojus.it\/it\/wp-json\/wp\/v2\/pages\/334\/revisions"}],"predecessor-version":[{"id":401,"href":"https:\/\/www.willeitimmojus.it\/it\/wp-json\/wp\/v2\/pages\/334\/revisions\/401"}],"wp:attachment":[{"href":"https:\/\/www.willeitimmojus.it\/it\/wp-json\/wp\/v2\/media?parent=334"}],"curies":[{"name":"wp","href":"https:\/\/api.w.org\/{rel}","templated":true}]}}