{"id":329,"date":"2016-11-07T10:30:40","date_gmt":"2016-11-07T10:30:40","guid":{"rendered":"http:\/\/www.willeitimmojus.it\/it\/?page_id=329"},"modified":"2016-11-30T16:54:38","modified_gmt":"2016-11-30T16:54:38","slug":"contratti-di-famiglia","status":"publish","type":"page","link":"https:\/\/www.willeitimmojus.it\/it\/contratti-di-famiglia\/","title":{"rendered":"Contratti di famiglia"},"content":{"rendered":"<p>La pianificazione della successione presuppone determinati requisiti soprattutto a livello personale, non solo per la generazione che cede i beni ma anche per quella destinata a riceverli. Ecco perch\u00e9 \u00e8 importante conoscere bene tutte le questioni tecniche, giuridiche e fiscali inerenti se si desidera trovare una soluzione soddisfacente per tutte le parti e raggiungere cos\u00ec un buon contratto di cessione.<\/p>\n<p>Il cedente deve assolutamente tutelarsi e predisporre la propria eredit\u00e0.<\/p>\n<p>In tale ambito cos\u00ec delicato occorre porsi alcune domande fondamentali, come ad es.:<\/p>\n<ul>\n<li>Quando \u00e8 il momento giusto?<\/li>\n<li>A chi spetta cosa\/quanto? Oppure: il de cuius pu\u00f2 disporre in totale libert\u00e0 dell&#8217;eredit\u00e0?<\/li>\n<li>Come avviene il trasferimento di beni in via ereditaria?<\/li>\n<li>Come si pu\u00f2 tutelare il de cuius (ad es. diritto di usufrutto, diritto di abitazione, ecc.)?<\/li>\n<li>Cosa accade in caso di separazione, divorzio o &#8220;unione senza atto di matrimonio&#8221;?<\/li>\n<\/ul>\n<p>\u00c8 importante vedere la regolazione della successione come una chance per tutti i soggetti coinvolti, non come un peso. Il consiglio valido per tutti \u00e8 dunque questo: occorre affrontare la questione della successione in tempo, mantenendosi sempre aperti anche a modelli successori alternativi, liberarsi da idee difficili da mettere in pratica e, soprattutto, evitare di prendere decisioni personali od organizzative in maniera precipitata, facendosi sopraffare dalla pressione.<\/p>\n<p>&#8220;Non prendere decisioni sotto pressione&#8221; non significa tuttavia posticiparle in eterno.<\/p>\n<p><strong>I nostri servizi comprendono:<\/strong><\/p>\n<p>* Stesura di contratti di trasferimento di beni e patti di famiglia<br \/>\n* Tutela contrattuale del cedente<\/p>\n","protected":false},"excerpt":{"rendered":"<p>La pianificazione della successione presuppone determinati requisiti soprattutto a livello personale, non solo per la generazione che cede i beni ma anche per quella destinata a riceverli. Ecco perch\u00e9 \u00e8 importante conoscere bene tutte le questioni tecniche, giuridiche e fiscali inerenti se si desidera trovare una soluzione soddisfacente per tutte le parti e raggiungere cos\u00ec [&hellip;]<\/p>\n","protected":false},"author":1,"featured_media":0,"parent":0,"menu_order":0,"comment_status":"closed","ping_status":"closed","template":"","meta":{"footnotes":""},"acf":[],"aioseo_notices":[],"_links":{"self":[{"href":"https:\/\/www.willeitimmojus.it\/it\/wp-json\/wp\/v2\/pages\/329"}],"collection":[{"href":"https:\/\/www.willeitimmojus.it\/it\/wp-json\/wp\/v2\/pages"}],"about":[{"href":"https:\/\/www.willeitimmojus.it\/it\/wp-json\/wp\/v2\/types\/page"}],"author":[{"embeddable":true,"href":"https:\/\/www.willeitimmojus.it\/it\/wp-json\/wp\/v2\/users\/1"}],"replies":[{"embeddable":true,"href":"https:\/\/www.willeitimmojus.it\/it\/wp-json\/wp\/v2\/comments?post=329"}],"version-history":[{"count":4,"href":"https:\/\/www.willeitimmojus.it\/it\/wp-json\/wp\/v2\/pages\/329\/revisions"}],"predecessor-version":[{"id":440,"href":"https:\/\/www.willeitimmojus.it\/it\/wp-json\/wp\/v2\/pages\/329\/revisions\/440"}],"wp:attachment":[{"href":"https:\/\/www.willeitimmojus.it\/it\/wp-json\/wp\/v2\/media?parent=329"}],"curies":[{"name":"wp","href":"https:\/\/api.w.org\/{rel}","templated":true}]}}